{"id":1401,"date":"2021-10-04T14:24:52","date_gmt":"2021-10-04T12:24:52","guid":{"rendered":"https:\/\/winwinafrique.com\/index.php\/partners\/"},"modified":"2024-04-26T17:47:40","modified_gmt":"2024-04-26T15:47:40","slug":"partners","status":"publish","type":"page","link":"https:\/\/winwinafrique.com\/index.php\/partners\/?lang=en","title":{"rendered":"Partners"},"content":{"rendered":"<p>[et_pb_section fb_built=\u00a0\u00bb1&Prime; _builder_version=\u00a0\u00bb4.4.5&Prime; background_image=\u00a0\u00bbhttps:\/\/winwinafrique.com\/wp-content\/uploads\/2020\/12\/Header-Winwin-Partenaires.jpg\u00a0\u00bb parallax=\u00a0\u00bbon\u00a0\u00bb min_height=\u00a0\u00bb245px\u00a0\u00bb custom_padding=\u00a0\u00bb||51px|||\u00a0\u00bb][et_pb_row _builder_version=\u00a0\u00bb4.4.5&Prime; min_height=\u00a0\u00bb71px\u00a0\u00bb custom_margin=\u00a0\u00bb0px|auto||auto||\u00a0\u00bb][et_pb_column type=\u00a0\u00bb4_4&Prime; _builder_version=\u00a0\u00bb4.4.5&Prime;][et_pb_text _builder_version=\u00a0\u00bb4.4.5&Prime; text_font=\u00a0\u00bbMontserrat|700|||||||\u00a0\u00bb text_text_color=\u00a0\u00bb#ffffff\u00a0\u00bb text_font_size=\u00a0\u00bb45px\u00a0\u00bb text_orientation=\u00a0\u00bbcenter\u00a0\u00bb min_height=\u00a0\u00bb40px\u00a0\u00bb custom_margin=\u00a0\u00bb11px||-15px|||\u00a0\u00bb custom_padding=\u00a0\u00bb||31px|||\u00a0\u00bb text_text_shadow_style=\u00a0\u00bbpreset1&Prime;]<\/p>\n<p>OUR PARTNERS<\/p>\n<p>[\/et_pb_text][\/et_pb_column][\/et_pb_row][\/et_pb_section][et_pb_section fb_built=\u00a0\u00bb1&Prime; _builder_version=\u00a0\u00bb4.4.5&Prime;][et_pb_row column_structure=\u00a0\u00bb1_4,3_4&Prime; _builder_version=\u00a0\u00bb4.4.5&Prime; custom_margin=\u00a0\u00bb37px|auto||auto||\u00a0\u00bb custom_padding=\u00a0\u00bb0px||0px|||\u00a0\u00bb][et_pb_column type=\u00a0\u00bb1_4&Prime; _builder_version=\u00a0\u00bb4.4.5&Prime;][et_pb_image src=\u00a0\u00bbhttps:\/\/winwinafrique.com\/wp-content\/uploads\/2024\/03\/Logo-groupe-Duval.png\u00a0\u00bb title_text=\u00a0\u00bbLogo groupe Duval\u00a0\u00bb url=\u00a0\u00bbhttps:\/\/www.economie.gouv.fr\u00a0\u00bb url_new_window=\u00a0\u00bbon\u00a0\u00bb align=\u00a0\u00bbcenter\u00a0\u00bb _builder_version=\u00a0\u00bb4.4.5&Prime; width=\u00a0\u00bb77%\u00a0\u00bb max_width=\u00a0\u00bb78%\u00a0\u00bb module_alignment=\u00a0\u00bbcenter\u00a0\u00bb max_height=\u00a0\u00bb184px\u00a0\u00bb custom_padding=\u00a0\u00bb||0px|||\u00a0\u00bb hover_enabled=\u00a0\u00bb0&Prime;][\/et_pb_image][\/et_pb_column][et_pb_column type=\u00a0\u00bb3_4&Prime; _builder_version=\u00a0\u00bb4.4.5&Prime;][et_pb_toggle title=\u00a0\u00bbDuval Group\u00a0\u00bb open=\u00a0\u00bbon\u00a0\u00bb open_toggle_background_color=\u00a0\u00bb#ffffff\u00a0\u00bb closed_toggle_background_color=\u00a0\u00bb#ffffff\u00a0\u00bb icon_color=\u00a0\u00bb#000000&Prime; _builder_version=\u00a0\u00bb4.4.5&Prime; title_text_color=\u00a0\u00bbrgba(0,0,0,0.82)\u00a0\u00bb title_font=\u00a0\u00bbMontserrat|700|||||||\u00a0\u00bb body_font=\u00a0\u00bbMontserrat||||||||\u00a0\u00bb hover_enabled=\u00a0\u00bb0&Prime; border_width_all=\u00a0\u00bb0px\u00a0\u00bb]<\/p>\n<p style=\"text-align: justify;\"><span>The Duval Group is a partner of Winwin Afrique in the design, studies, and implementation of AGORA in Ivory Coast.<\/span><\/p>\n<p><a href=\"https:\/\/www.tresor.economie.gouv.fr\" target=\"_blank\" rel=\"noopener noreferrer\">Website<\/a><\/p>\n<p>[\/et_pb_toggle][\/et_pb_column][\/et_pb_row][et_pb_row column_structure=\u00a0\u00bb1_4,3_4&Prime; _builder_version=\u00a0\u00bb4.4.5&Prime; custom_margin=\u00a0\u00bb37px|auto||auto||\u00a0\u00bb custom_padding=\u00a0\u00bb0px||0px|||\u00a0\u00bb locked=\u00a0\u00bboff\u00a0\u00bb][et_pb_column type=\u00a0\u00bb1_4&Prime; _builder_version=\u00a0\u00bb4.4.5&Prime;][et_pb_image src=\u00a0\u00bbhttps:\/\/winwinafrique.com\/wp-content\/uploads\/2020\/12\/tresor-direction-generale.jpg\u00a0\u00bb title_text=\u00a0\u00bbtr\u00e9sor-direction-g\u00e9n\u00e9rale\u00a0\u00bb url=\u00a0\u00bbhttps:\/\/www.economie.gouv.fr\u00a0\u00bb url_new_window=\u00a0\u00bbon\u00a0\u00bb align=\u00a0\u00bbcenter\u00a0\u00bb _builder_version=\u00a0\u00bb4.4.5&Prime; width=\u00a0\u00bb77%\u00a0\u00bb max_width=\u00a0\u00bb78%\u00a0\u00bb module_alignment=\u00a0\u00bbcenter\u00a0\u00bb max_height=\u00a0\u00bb184px\u00a0\u00bb custom_padding=\u00a0\u00bb||0px|||\u00a0\u00bb][\/et_pb_image][\/et_pb_column][et_pb_column type=\u00a0\u00bb3_4&Prime; _builder_version=\u00a0\u00bb4.4.5&Prime;][et_pb_toggle title=\u00a0\u00bbFrench Treasury \u00a0\u00bb open=\u00a0\u00bbon\u00a0\u00bb open_toggle_background_color=\u00a0\u00bb#ffffff\u00a0\u00bb closed_toggle_background_color=\u00a0\u00bb#ffffff\u00a0\u00bb icon_color=\u00a0\u00bb#000000&Prime; _builder_version=\u00a0\u00bb4.4.5&Prime; title_text_color=\u00a0\u00bbrgba(0,0,0,0.82)\u00a0\u00bb title_font=\u00a0\u00bbMontserrat|700|||||||\u00a0\u00bb body_font=\u00a0\u00bbMontserrat||||||||\u00a0\u00bb hover_enabled=\u00a0\u00bb0&Prime; border_width_all=\u00a0\u00bb0px\u00a0\u00bb]<\/p>\n<p style=\"text-align: justify;\"><span>The French Treasury is the main partner for financing AGORAs in Ivory Coast through FASEP tools and Treasury loans.<\/span><\/p>\n<p><a href=\"https:\/\/www.tresor.economie.gouv.fr\" target=\"_blank\" rel=\"noopener noreferrer\">Website<\/a><\/p>\n<p>[\/et_pb_toggle][\/et_pb_column][\/et_pb_row][et_pb_row column_structure=\u00a0\u00bb1_4,3_4&Prime; _builder_version=\u00a0\u00bb4.4.5&Prime; custom_margin=\u00a0\u00bb37px|auto||auto||\u00a0\u00bb custom_padding=\u00a0\u00bb0px||0px|||\u00a0\u00bb locked=\u00a0\u00bboff\u00a0\u00bb][et_pb_column type=\u00a0\u00bb1_4&Prime; _builder_version=\u00a0\u00bb4.4.5&Prime;][et_pb_image src=\u00a0\u00bbhttps:\/\/winwinafrique.com\/wp-content\/uploads\/2020\/10\/BPI_France_RVB_fd_blanc.png\u00a0\u00bb title_text=\u00a0\u00bbBPI_France_RVB_fd_blanc\u00a0\u00bb url=\u00a0\u00bbhttps:\/\/www.economie.gouv.fr\u00a0\u00bb url_new_window=\u00a0\u00bbon\u00a0\u00bb align=\u00a0\u00bbcenter\u00a0\u00bb _builder_version=\u00a0\u00bb4.4.5&Prime; width=\u00a0\u00bb77%\u00a0\u00bb max_width=\u00a0\u00bb78%\u00a0\u00bb module_alignment=\u00a0\u00bbcenter\u00a0\u00bb max_height=\u00a0\u00bb184px\u00a0\u00bb custom_padding=\u00a0\u00bb||0px|||\u00a0\u00bb][\/et_pb_image][\/et_pb_column][et_pb_column type=\u00a0\u00bb3_4&Prime; _builder_version=\u00a0\u00bb4.4.5&Prime;][et_pb_toggle title=\u00a0\u00bbBPI France\u00a0\u00bb open=\u00a0\u00bbon\u00a0\u00bb open_toggle_background_color=\u00a0\u00bb#ffffff\u00a0\u00bb closed_toggle_background_color=\u00a0\u00bb#ffffff\u00a0\u00bb icon_color=\u00a0\u00bb#000000&Prime; _builder_version=\u00a0\u00bb4.4.5&Prime; title_text_color=\u00a0\u00bbrgba(0,0,0,0.82)\u00a0\u00bb title_font=\u00a0\u00bbMontserrat|700|||||||\u00a0\u00bb body_font=\u00a0\u00bbMontserrat||||||||\u00a0\u00bb hover_enabled=\u00a0\u00bb0&Prime; border_width_all=\u00a0\u00bb0px\u00a0\u00bb]<\/p>\n<div class=\"flex-1 overflow-hidden\">\n<div class=\"react-scroll-to-bottom--css-xqvuf-79elbk h-full\">\n<div class=\"react-scroll-to-bottom--css-xqvuf-1n7m0yu\">\n<div class=\"flex flex-col text-sm pb-9\">\n<div class=\"w-full text-token-text-primary\" data-testid=\"conversation-turn-3\">\n<div class=\"px-4 py-2 justify-center text-base md:gap-6 m-auto\">\n<div class=\"flex flex-1 text-base mx-auto gap-3 md:px-5 lg:px-1 xl:px-5 md:max-w-3xl lg:max-w-[40rem] xl:max-w-[48rem] group final-completion\">\n<div class=\"relative flex w-full flex-col agent-turn\">\n<div class=\"flex-col gap-1 md:gap-3\">\n<div class=\"flex flex-grow flex-col max-w-full\">\n<div data-message-author-role=\"assistant\" data-message-id=\"75ecbdbc-8b72-4427-9ca2-3d7507632753\" class=\"min-h-[20px] text-message flex flex-col items-start gap-3 whitespace-pre-wrap break-words [.text-message+&amp;]:mt-5 overflow-x-auto\">\n<div class=\"markdown prose w-full break-words dark:prose-invert light\">\n<p><span>Bpifrance is a partner of Winwin Afrique on two levels:<\/span><\/p>\n<ul>\n<li style=\"text-align: justify;\"><span>c&rsquo;est un soutien \u00e0 la prospection via l&rsquo;outil assurance prospection<\/span><\/li>\n<li style=\"text-align: justify;\"><span>c&rsquo;est le bailleur principal notamment au S\u00e9n\u00e9gal via des offres de financement sp\u00e9cifiques<\/span><span><\/span><\/li>\n<\/ul>\n<\/div>\n<\/div>\n<\/div>\n<\/div>\n<\/div>\n<\/div>\n<\/div>\n<\/div>\n<\/div>\n<\/div>\n<\/div>\n<\/div>\n<p><a href=\"https:\/\/www.bpifrance.com\/\" target=\"_blank\" rel=\"noopener noreferrer\">Website<\/a><\/p>\n<p>[\/et_pb_toggle][\/et_pb_column][\/et_pb_row][et_pb_row column_structure=\u00a0\u00bb1_4,3_4&Prime; _builder_version=\u00a0\u00bb4.4.5&Prime; custom_margin=\u00a0\u00bb37px|auto||auto||\u00a0\u00bb custom_padding=\u00a0\u00bb0px||0px|||\u00a0\u00bb][et_pb_column type=\u00a0\u00bb1_4&Prime; _builder_version=\u00a0\u00bb4.4.5&Prime;][et_pb_image src=\u00a0\u00bbhttps:\/\/winwinafrique.com\/wp-content\/uploads\/2020\/12\/Logo-medefi.jpg\u00a0\u00bb title_text=\u00a0\u00bbLogo-medefi\u00a0\u00bb url=\u00a0\u00bbhttps:\/\/www.economie.gouv.fr\u00a0\u00bb url_new_window=\u00a0\u00bbon\u00a0\u00bb align=\u00a0\u00bbcenter\u00a0\u00bb _builder_version=\u00a0\u00bb4.4.5&Prime; module_alignment=\u00a0\u00bbcenter\u00a0\u00bb max_height=\u00a0\u00bb184px\u00a0\u00bb custom_padding=\u00a0\u00bb||0px|||\u00a0\u00bb][\/et_pb_image][\/et_pb_column][et_pb_column type=\u00a0\u00bb3_4&Prime; _builder_version=\u00a0\u00bb4.4.5&Prime;][et_pb_toggle title=\u00a0\u00bbMEDEF International\u00a0\u00bb open=\u00a0\u00bbon\u00a0\u00bb open_toggle_background_color=\u00a0\u00bb#ffffff\u00a0\u00bb closed_toggle_background_color=\u00a0\u00bb#ffffff\u00a0\u00bb icon_color=\u00a0\u00bb#000000&Prime; _builder_version=\u00a0\u00bb4.4.5&Prime; title_text_color=\u00a0\u00bbrgba(0,0,0,0.82)\u00a0\u00bb title_font=\u00a0\u00bbMontserrat|700|||||||\u00a0\u00bb body_font=\u00a0\u00bbMontserrat||||||||\u00a0\u00bb border_width_all=\u00a0\u00bb0px\u00a0\u00bb]<\/p>\n<p>MEDEF International, a historical partner, accompanies Winwin Afrique in its development by encouraging targeted meetings thanks to its business trips and platforms bringing together all the actors who count internationally and in Africa.<\/p>\n<p><a href=\"https:\/\/www.medefinternational.fr\" target=\"_blank\" rel=\"noopener noreferrer\">Website<\/a><\/p>\n<p>[\/et_pb_toggle][\/et_pb_column][\/et_pb_row][et_pb_row column_structure=\u00a0\u00bb1_4,3_4&Prime; _builder_version=\u00a0\u00bb4.4.5&Prime; custom_margin=\u00a0\u00bb37px|auto||auto||\u00a0\u00bb custom_padding=\u00a0\u00bb0px||0px|||\u00a0\u00bb][et_pb_column type=\u00a0\u00bb1_4&Prime; _builder_version=\u00a0\u00bb4.4.5&Prime;][et_pb_image src=\u00a0\u00bbhttps:\/\/winwinafrique.com\/wp-content\/uploads\/2020\/12\/Capture-decran-2020-12-24-a-08.46.47.png\u00a0\u00bb title_text=\u00a0\u00bbImage123&Prime; url=\u00a0\u00bbhttps:\/\/www.economie.gouv.fr\u00a0\u00bb url_new_window=\u00a0\u00bbon\u00a0\u00bb align=\u00a0\u00bbcenter\u00a0\u00bb _builder_version=\u00a0\u00bb4.4.5&Prime; module_alignment=\u00a0\u00bbcenter\u00a0\u00bb max_height=\u00a0\u00bb184px\u00a0\u00bb custom_padding=\u00a0\u00bb||0px|||\u00a0\u00bb][\/et_pb_image][\/et_pb_column][et_pb_column type=\u00a0\u00bb3_4&Prime; _builder_version=\u00a0\u00bb4.4.5&Prime;][et_pb_toggle title=\u00a0\u00bbUp 40 \u00a0\u00bb open=\u00a0\u00bbon\u00a0\u00bb open_toggle_background_color=\u00a0\u00bb#ffffff\u00a0\u00bb closed_toggle_background_color=\u00a0\u00bb#ffffff\u00a0\u00bb icon_color=\u00a0\u00bb#000000&Prime; _builder_version=\u00a0\u00bb4.4.5&Prime; title_text_color=\u00a0\u00bbrgba(0,0,0,0.82)\u00a0\u00bb title_font=\u00a0\u00bbMontserrat|700|||||||\u00a0\u00bb body_font=\u00a0\u00bbMontserrat||||||||\u00a0\u00bb hover_enabled=\u00a0\u00bb0&Prime; border_width_all=\u00a0\u00bb0px\u00a0\u00bb]<\/p>\n<p style=\"text-align: justify;\"><span>Founded by MEDEF International, the UP40 index brings together the most active French startups on the African continent. Winwin Afrique notably benefits from its support and network.<\/span><\/p>\n<p><a href=\"https:\/\/www.medefinternational.fr\">Website<\/a><\/p>\n<p>[\/et_pb_toggle][\/et_pb_column][\/et_pb_row][et_pb_row column_structure=\u00a0\u00bb1_4,3_4&Prime; _builder_version=\u00a0\u00bb4.4.5&Prime; custom_margin=\u00a0\u00bb37px|auto||auto||\u00a0\u00bb custom_padding=\u00a0\u00bb0px||0px|||\u00a0\u00bb][et_pb_column type=\u00a0\u00bb1_4&Prime; _builder_version=\u00a0\u00bb4.4.5&Prime;][et_pb_image src=\u00a0\u00bbhttps:\/\/winwinafrique.com\/wp-content\/uploads\/2020\/12\/1200px-Business_France_logo_2015.svg_.png\u00a0\u00bb title_text=\u00a0\u00bb1200px-Business_France_logo_2015.svg\u00a0\u00bb url=\u00a0\u00bbhttps:\/\/www.economie.gouv.fr\u00a0\u00bb url_new_window=\u00a0\u00bbon\u00a0\u00bb align=\u00a0\u00bbcenter\u00a0\u00bb _builder_version=\u00a0\u00bb4.4.5&Prime; width=\u00a0\u00bb75%\u00a0\u00bb module_alignment=\u00a0\u00bbcenter\u00a0\u00bb max_height=\u00a0\u00bb184px\u00a0\u00bb custom_padding=\u00a0\u00bb||0px|||\u00a0\u00bb][\/et_pb_image][\/et_pb_column][et_pb_column type=\u00a0\u00bb3_4&Prime; _builder_version=\u00a0\u00bb4.4.5&Prime;][et_pb_toggle title=\u00a0\u00bbBusiness France\u00a0\u00bb open=\u00a0\u00bbon\u00a0\u00bb open_toggle_background_color=\u00a0\u00bb#ffffff\u00a0\u00bb closed_toggle_background_color=\u00a0\u00bb#ffffff\u00a0\u00bb icon_color=\u00a0\u00bb#000000&Prime; _builder_version=\u00a0\u00bb4.4.5&Prime; title_text_color=\u00a0\u00bbrgba(0,0,0,0.82)\u00a0\u00bb title_font=\u00a0\u00bbMontserrat|700|||||||\u00a0\u00bb body_font=\u00a0\u00bbMontserrat||||||||\u00a0\u00bb border_width_all=\u00a0\u00bb0px\u00a0\u00bb]<\/p>\n<p>Business France, thanks to its tools (VIE), its conferences (RIGES), its business trips, its support (VIE voucher) and its local anchorage, facilitates the international development of Winwin Africa. 4 VIEs have worked for WWA and 4 are currently in the field in Abidjan.<\/p>\n<p><a href=\"https:\/\/www.businessfrance.fr\">Website\u00a0<\/a><\/p>\n<p>[\/et_pb_toggle][\/et_pb_column][\/et_pb_row][\/et_pb_section]<\/p>\n","protected":false},"excerpt":{"rendered":"<p>OUR PARTNERSThe Duval Group is a partner of Winwin Afrique in the design, studies, and implementation of AGORA in Ivory Coast. Website The French Treasury is the main partner for financing AGORAs in Ivory Coast through FASEP tools and Treasury loans. Website Bpifrance is a partner of Winwin Afrique on two levels: c&rsquo;est un soutien [&hellip;]<\/p>\n","protected":false},"author":1,"featured_media":0,"parent":0,"menu_order":0,"comment_status":"closed","ping_status":"closed","template":"","meta":{"_et_pb_use_builder":"on","_et_pb_old_content":"","_et_gb_content_width":"","footnotes":""},"class_list":["post-1401","page","type-page","status-publish","hentry"],"_links":{"self":[{"href":"https:\/\/winwinafrique.com\/index.php\/wp-json\/wp\/v2\/pages\/1401","targetHints":{"allow":["GET"]}}],"collection":[{"href":"https:\/\/winwinafrique.com\/index.php\/wp-json\/wp\/v2\/pages"}],"about":[{"href":"https:\/\/winwinafrique.com\/index.php\/wp-json\/wp\/v2\/types\/page"}],"author":[{"embeddable":true,"href":"https:\/\/winwinafrique.com\/index.php\/wp-json\/wp\/v2\/users\/1"}],"replies":[{"embeddable":true,"href":"https:\/\/winwinafrique.com\/index.php\/wp-json\/wp\/v2\/comments?post=1401"}],"version-history":[{"count":14,"href":"https:\/\/winwinafrique.com\/index.php\/wp-json\/wp\/v2\/pages\/1401\/revisions"}],"predecessor-version":[{"id":2369,"href":"https:\/\/winwinafrique.com\/index.php\/wp-json\/wp\/v2\/pages\/1401\/revisions\/2369"}],"wp:attachment":[{"href":"https:\/\/winwinafrique.com\/index.php\/wp-json\/wp\/v2\/media?parent=1401"}],"curies":[{"name":"wp","href":"https:\/\/api.w.org\/{rel}","templated":true}]}}